{"id":77,"date":"2020-01-25T11:14:22","date_gmt":"2020-01-25T11:14:22","guid":{"rendered":"https:\/\/dalahighwayservice.se\/?page_id=77"},"modified":"2020-01-27T13:21:35","modified_gmt":"2020-01-27T13:21:35","slug":"starthjalp-i-mora-alvdalen-idre","status":"publish","type":"page","link":"https:\/\/dalahighwayservice.se\/index.php\/starthjalp-i-mora-alvdalen-idre\/","title":{"rendered":"Starthj\u00e4lp i Mora &#8211; \u00c4lvdalen &#8211; Idre"},"content":{"rendered":"<div class=\"social-icons follow-icons\" ><a href=\"https:\/\/www.facebook.com\/dalahighwayservice\/\" target=\"_blank\" data-label=\"Facebook\"  rel=\"noopener noreferrer nofollow\" class=\"icon button circle is-outline facebook tooltip\" title=\"Follow on Facebook\"><i class=\"icon-facebook\" ><\/i><\/a><\/div>\n<div class=\"row\"  id=\"row-1191520876\">\n<div class=\"col medium-8 small-12 large-8\"  ><div class=\"col-inner\"  >\n<h1>Starthj\u00e4lp i Mora &#8211; Idre \u00c4lvdalen<\/h1>\n<p><strong>Starthj\u00e4lp i Mora &#8211; \u00c4lvdalen &#8211; Idre.<\/strong> Det \u00e4r aldrig kul att bli st\u00e5ende med en bil\u00a0 d\u00e4r batteri har tagit slut. Men bilen eller mc eller annat fordon beh\u00f6ver s\u00e4llan inte b\u00e4rgas, det kan r\u00e4cka med <strong>starthj\u00e4lp<\/strong> f\u00f6r att f\u00e5 ig\u00e5ng fordonet igen. Vi \u00e4r plats dygnet runt, \u00e5ret om och hj\u00e4lper till med <em>starthj\u00e4lp<\/em> p\u00e5:f\u00f6rjande fordon<\/p>\n<ul>\n<li>Mopeder<\/li>\n<li>Bilar<\/li>\n<li>Lastbilar<\/li>\n<li>Bussar<\/li>\n<li>Motorcyklar<\/li>\n<li>Entreprenadfordon<\/li>\n<\/ul>\n<p>S\u00e5 startar inte ert fordon h\u00f6r av er till oss s\u00e5 s\u00e5 kommer vi med starthj\u00e4lp.<\/p>\n<h2>0250-14000<\/h2>\n<\/div><\/div>\n<div class=\"col medium-4 small-12 large-4\"  ><div class=\"col-inner\"  >\n<h3>Dala Highway Service\u00a0AB<\/h3>\r\n<h2>Telefon: 0250 - 140 00<\/h2>\r\n<ul>\r\n \t<li><strong>Dikesk\u00f6rning<\/strong><\/li>\r\n \t<li><a href=\"https:\/\/dalahighwayservice.se\/index.php\/lasoppning-i-mora-idre-alvdalen-sarna\/\"><strong>L\u00e5s\u00f6ppning<\/strong><\/a><\/li>\r\n<\/ul>\r\nHar du l\u00e5st in dina nycklar i bilen? Vi har dem r\u00e4tta verktygen och kunnig personal f\u00f6r att hj\u00e4lpa dig, oavsett om det \u00e4r personbil, lastbil eller buss. Vi finns till f\u00f6r dig dygnet runt \u00e5ret runt.\r\n<ul>\r\n \t<li><a href=\"https:\/\/dalahighwayservice.se\/index.php\/starthjalp-i-mora-alvdalen-idre\/\"><strong>Starthj\u00e4lp<\/strong><\/a><\/li>\r\n<\/ul>\r\nN\u00e4r din bil har slut p\u00e5 str\u00f6m kan det r\u00e4cka med en starthj\u00e4lp f\u00f6r att f\u00e5 ig\u00e5ng den. Vi finns snabbt p\u00e5 plats f\u00f6r att hj\u00e4lpa dig n\u00e4r batteriet laddat ur, och har \u00e4ven tillg\u00e5ng p\u00e5 de vanligaste startbatterierna vid efterfr\u00e5gan. Vi utf\u00f6r starthj\u00e4lp p\u00e5 allt fr\u00e5n motorcyklar till lastbilar och entreprenadfordon.\r\n<ul>\r\n \t<li><strong>Punktering<\/strong><\/li>\r\n<\/ul>\n<\/div><\/div>\n<\/div>\n\n  \n    <div class=\"row large-columns-4 medium-columns- small-columns-2\">\n          <div class=\"gallery-col col\" >\n          <div class=\"col-inner\">\n            <a class=\"image-lightbox lightbox-gallery\" href=\"https:\/\/dalahighwayservice.se\/wp-content\/uploads\/2019\/08\/bargning-timmerbil-liten-bild.jpg\" title=\"\">            <div class=\"box has-hover gallery-box box-overlay dark\">\n              <div class=\"box-image\" >\n                <img width=\"300\" height=\"225\" src=\"https:\/\/dalahighwayservice.se\/wp-content\/uploads\/2019\/08\/bargning-timmerbil-liten-bild-300x225.jpg\" class=\"attachment-medium size-medium\" alt=\"\" loading=\"lazy\" ids=\"33,98,100,101\" \/>                                  <div class=\"overlay fill\"\n                      style=\"background-color: rgba(0,0,0,.15)\">\n                  <\/div>\n                                                              <\/div><!-- .image -->\n              <div class=\"box-text text-left\" >\n                 <p><\/p>\n              <\/div><!-- .text -->\n            <\/div><!-- .box -->\n            <\/a>          <\/div><!-- .col-inner -->\n         <\/div><!-- .col -->\n                 <div class=\"gallery-col col\" >\n          <div class=\"col-inner\">\n            <a class=\"image-lightbox lightbox-gallery\" href=\"https:\/\/dalahighwayservice.se\/wp-content\/uploads\/2020\/01\/silder-1024x683.jpg\" title=\"\">            <div class=\"box has-hover gallery-box box-overlay dark\">\n              <div class=\"box-image\" >\n                <img width=\"300\" height=\"200\" src=\"https:\/\/dalahighwayservice.se\/wp-content\/uploads\/2020\/01\/silder-300x200.jpg\" class=\"attachment-medium size-medium\" alt=\"\" loading=\"lazy\" ids=\"33,98,100,101\" srcset=\"https:\/\/dalahighwayservice.se\/wp-content\/uploads\/2020\/01\/silder-300x200.jpg 300w, https:\/\/dalahighwayservice.se\/wp-content\/uploads\/2020\/01\/silder-1024x683.jpg 1024w, https:\/\/dalahighwayservice.se\/wp-content\/uploads\/2020\/01\/silder-768x512.jpg 768w, https:\/\/dalahighwayservice.se\/wp-content\/uploads\/2020\/01\/silder-1536x1024.jpg 1536w, https:\/\/dalahighwayservice.se\/wp-content\/uploads\/2020\/01\/silder-600x400.jpg 600w, https:\/\/dalahighwayservice.se\/wp-content\/uploads\/2020\/01\/silder.jpg 1600w\" sizes=\"(max-width: 300px) 100vw, 300px\" \/>                                  <div class=\"overlay fill\"\n                      style=\"background-color: rgba(0,0,0,.15)\">\n                  <\/div>\n                                                              <\/div><!-- .image -->\n              <div class=\"box-text text-left\" >\n                 <p><\/p>\n              <\/div><!-- .text -->\n            <\/div><!-- .box -->\n            <\/a>          <\/div><!-- .col-inner -->\n         <\/div><!-- .col -->\n                 <div class=\"gallery-col col\" >\n          <div class=\"col-inner\">\n            <a class=\"image-lightbox lightbox-gallery\" href=\"https:\/\/dalahighwayservice.se\/wp-content\/uploads\/2020\/01\/slider2-1024x683.jpg\" title=\"\">            <div class=\"box has-hover gallery-box box-overlay dark\">\n              <div class=\"box-image\" >\n                <img width=\"300\" height=\"200\" src=\"https:\/\/dalahighwayservice.se\/wp-content\/uploads\/2020\/01\/slider2-300x200.jpg\" class=\"attachment-medium size-medium\" alt=\"\" loading=\"lazy\" ids=\"33,98,100,101\" srcset=\"https:\/\/dalahighwayservice.se\/wp-content\/uploads\/2020\/01\/slider2-300x200.jpg 300w, https:\/\/dalahighwayservice.se\/wp-content\/uploads\/2020\/01\/slider2-1024x683.jpg 1024w, https:\/\/dalahighwayservice.se\/wp-content\/uploads\/2020\/01\/slider2-768x512.jpg 768w, https:\/\/dalahighwayservice.se\/wp-content\/uploads\/2020\/01\/slider2-1536x1024.jpg 1536w, https:\/\/dalahighwayservice.se\/wp-content\/uploads\/2020\/01\/slider2-600x400.jpg 600w, https:\/\/dalahighwayservice.se\/wp-content\/uploads\/2020\/01\/slider2.jpg 1600w\" sizes=\"(max-width: 300px) 100vw, 300px\" \/>                                  <div class=\"overlay fill\"\n                      style=\"background-color: rgba(0,0,0,.15)\">\n                  <\/div>\n                                                              <\/div><!-- .image -->\n              <div class=\"box-text text-left\" >\n                 <p><\/p>\n              <\/div><!-- .text -->\n            <\/div><!-- .box -->\n            <\/a>          <\/div><!-- .col-inner -->\n         <\/div><!-- .col -->\n                 <div class=\"gallery-col col\" >\n          <div class=\"col-inner\">\n            <a class=\"image-lightbox lightbox-gallery\" href=\"https:\/\/dalahighwayservice.se\/wp-content\/uploads\/2020\/01\/vinter-bargning-1024x768.jpeg\" title=\"\">            <div class=\"box has-hover gallery-box box-overlay dark\">\n              <div class=\"box-image\" >\n                <img width=\"300\" height=\"225\" src=\"https:\/\/dalahighwayservice.se\/wp-content\/uploads\/2020\/01\/vinter-bargning-300x225.jpeg\" class=\"attachment-medium size-medium\" alt=\"\" loading=\"lazy\" ids=\"33,98,100,101\" srcset=\"https:\/\/dalahighwayservice.se\/wp-content\/uploads\/2020\/01\/vinter-bargning-300x225.jpeg 300w, https:\/\/dalahighwayservice.se\/wp-content\/uploads\/2020\/01\/vinter-bargning-1024x768.jpeg 1024w, https:\/\/dalahighwayservice.se\/wp-content\/uploads\/2020\/01\/vinter-bargning-768x576.jpeg 768w, https:\/\/dalahighwayservice.se\/wp-content\/uploads\/2020\/01\/vinter-bargning-1536x1152.jpeg 1536w, https:\/\/dalahighwayservice.se\/wp-content\/uploads\/2020\/01\/vinter-bargning-600x450.jpeg 600w, https:\/\/dalahighwayservice.se\/wp-content\/uploads\/2020\/01\/vinter-bargning.jpeg 2048w\" sizes=\"(max-width: 300px) 100vw, 300px\" \/>                                  <div class=\"overlay fill\"\n                      style=\"background-color: rgba(0,0,0,.15)\">\n                  <\/div>\n                                                              <\/div><!-- .image -->\n              <div class=\"box-text text-left\" >\n                 <p><\/p>\n              <\/div><!-- .text -->\n            <\/div><!-- .box -->\n            <\/a>          <\/div><!-- .col-inner -->\n         <\/div><!-- .col -->\n         <\/div>\n","protected":false},"excerpt":{"rendered":"","protected":false},"author":2,"featured_media":0,"parent":0,"menu_order":0,"comment_status":"closed","ping_status":"closed","template":"","meta":{"_monsterinsights_skip_tracking":false,"_monsterinsights_sitenote_active":false,"_monsterinsights_sitenote_note":"","_monsterinsights_sitenote_category":0},"yoast_head":"<!-- This site is optimized with the Yoast SEO plugin v15.4 - https:\/\/yoast.com\/wordpress\/plugins\/seo\/ -->\n<title>Starthj\u00e4lp i Mora - \u00c4lvdalen - Idre - B\u00e4rgning i Dalarna<\/title>\n<meta name=\"description\" content=\"Starthj\u00e4lp i Mora - \u00c4lvdalen - Idre. Det \u00e4r aldrig kul att bli st\u00e5ende med en bil\u00a0 d\u00e4r batteri har tagit slut.\" \/>\n<meta name=\"robots\" content=\"index, follow, max-snippet:-1, max-image-preview:large, max-video-preview:-1\" \/>\n<link rel=\"canonical\" href=\"https:\/\/dalahighwayservice.se\/index.php\/starthjalp-i-mora-alvdalen-idre\/\" \/>\n<meta property=\"og:locale\" content=\"sv_SE\" \/>\n<meta property=\"og:type\" content=\"article\" \/>\n<meta property=\"og:title\" content=\"Starthj\u00e4lp i Mora - \u00c4lvdalen - Idre - B\u00e4rgning i Dalarna\" \/>\n<meta property=\"og:description\" content=\"Starthj\u00e4lp i Mora - \u00c4lvdalen - Idre. Det \u00e4r aldrig kul att bli st\u00e5ende med en bil\u00a0 d\u00e4r batteri har tagit slut.\" \/>\n<meta property=\"og:url\" content=\"https:\/\/dalahighwayservice.se\/index.php\/starthjalp-i-mora-alvdalen-idre\/\" \/>\n<meta property=\"og:site_name\" content=\"B\u00e4rgning i Dalarna\" \/>\n<meta property=\"article:modified_time\" content=\"2020-01-27T13:21:35+00:00\" \/>\n<meta name=\"twitter:card\" content=\"summary_large_image\" \/>\n<meta name=\"twitter:label1\" content=\"Skriven av\">\n\t<meta name=\"twitter:data1\" content=\"Admin\">\n\t<meta name=\"twitter:label2\" content=\"Ber\u00e4knad l\u00e4stid\">\n\t<meta name=\"twitter:data2\" content=\"1 minut\">\n<script type=\"application\/ld+json\" class=\"yoast-schema-graph\">{\"@context\":\"https:\/\/schema.org\",\"@graph\":[{\"@type\":\"WebSite\",\"@id\":\"https:\/\/dalahighwayservice.se\/#website\",\"url\":\"https:\/\/dalahighwayservice.se\/\",\"name\":\"B\\u00e4rgning i Dalarna\",\"description\":\"Bilb\\u00e4rgning i dalarna, allt fr\\u00e5n starthj\\u00e4lp till b\\u00e4rgning\",\"potentialAction\":[{\"@type\":\"SearchAction\",\"target\":\"https:\/\/dalahighwayservice.se\/?s={search_term_string}\",\"query-input\":\"required name=search_term_string\"}],\"inLanguage\":\"sv-SE\"},{\"@type\":\"WebPage\",\"@id\":\"https:\/\/dalahighwayservice.se\/index.php\/starthjalp-i-mora-alvdalen-idre\/#webpage\",\"url\":\"https:\/\/dalahighwayservice.se\/index.php\/starthjalp-i-mora-alvdalen-idre\/\",\"name\":\"Starthj\\u00e4lp i Mora - \\u00c4lvdalen - Idre - B\\u00e4rgning i Dalarna\",\"isPartOf\":{\"@id\":\"https:\/\/dalahighwayservice.se\/#website\"},\"datePublished\":\"2020-01-25T11:14:22+00:00\",\"dateModified\":\"2020-01-27T13:21:35+00:00\",\"description\":\"Starthj\\u00e4lp i Mora - \\u00c4lvdalen - Idre. Det \\u00e4r aldrig kul att bli st\\u00e5ende med en bil\\u00a0 d\\u00e4r batteri har tagit slut.\",\"inLanguage\":\"sv-SE\",\"potentialAction\":[{\"@type\":\"ReadAction\",\"target\":[\"https:\/\/dalahighwayservice.se\/index.php\/starthjalp-i-mora-alvdalen-idre\/\"]}]}]}<\/script>\n<!-- \/ Yoast SEO plugin. -->","_links":{"self":[{"href":"https:\/\/dalahighwayservice.se\/index.php\/wp-json\/wp\/v2\/pages\/77"}],"collection":[{"href":"https:\/\/dalahighwayservice.se\/index.php\/wp-json\/wp\/v2\/pages"}],"about":[{"href":"https:\/\/dalahighwayservice.se\/index.php\/wp-json\/wp\/v2\/types\/page"}],"author":[{"embeddable":true,"href":"https:\/\/dalahighwayservice.se\/index.php\/wp-json\/wp\/v2\/users\/2"}],"replies":[{"embeddable":true,"href":"https:\/\/dalahighwayservice.se\/index.php\/wp-json\/wp\/v2\/comments?post=77"}],"version-history":[{"count":3,"href":"https:\/\/dalahighwayservice.se\/index.php\/wp-json\/wp\/v2\/pages\/77\/revisions"}],"predecessor-version":[{"id":103,"href":"https:\/\/dalahighwayservice.se\/index.php\/wp-json\/wp\/v2\/pages\/77\/revisions\/103"}],"wp:attachment":[{"href":"https:\/\/dalahighwayservice.se\/index.php\/wp-json\/wp\/v2\/media?parent=77"}],"curies":[{"name":"wp","href":"https:\/\/api.w.org\/{rel}","templated":true}]}}