{"id":126,"date":"2020-02-03T14:26:58","date_gmt":"2020-02-03T14:26:58","guid":{"rendered":"https:\/\/dalahighwayservice.se\/?page_id=126"},"modified":"2020-12-02T09:35:10","modified_gmt":"2020-12-02T09:35:10","slug":"bilbargning-mora-alvdalen-idre-grovelsjon-och-sarna","status":"publish","type":"page","link":"https:\/\/dalahighwayservice.se\/index.php\/bilbargning-mora-alvdalen-idre-grovelsjon-och-sarna\/","title":{"rendered":"Falck Bilb\u00e4rgning Mora \u00c4lvdalen Idre Gr\u00f6velsj\u00f6n och S\u00e4rna"},"content":{"rendered":"<div class=\"row\"  id=\"row-1429752911\">\n<div class=\"col medium-8 small-12 large-8\"  ><div class=\"col-inner\"  >\n<h1>Falck Bilb\u00e4rgning Mora \u00c4lvdalen Idre Gr\u00f6velsj\u00f6n och S\u00e4rna<\/h1>\n<p><strong>Falck Bilb\u00e4rgning Mora \u00c4lvdalen Idre Gr\u00f6velsj\u00f6n och S\u00e4rna<\/strong>. Om du f\u00e5r ett elfel, eller ett batteri som laddat ut.i,eller\u00a0 punktering eller en olycka, det finns m\u00e5nga orsaker till att du beh\u00f6ver hj\u00e4lp med att b\u00e4rga din bil. Vi har l\u00e5ng erfarenhet och h\u00f6g kompetens f\u00f6r att hj\u00e4lpa dig snabbt och smidigt. Vi har\u00a0 jour\u00f6ppet dygnet runt f\u00f6r att vara behj\u00e4lpliga n\u00e4r du beh\u00f6ver <strong>bilb\u00e4rgning<\/strong> i <strong>Mora<\/strong>, <strong>Idre<\/strong>, <strong>\u00c4lvdalen<\/strong> och stora delar av norr <strong>Dalarna<\/strong>.<\/p>\n<\/div><\/div>\n<div class=\"col medium-4 small-12 large-4\"  ><div class=\"col-inner\"  >\n<h3>Dala Highway Service\u00a0AB<\/h3>\r\n<h2>Telefon: 0250 - 140 00<\/h2>\r\n<ul>\r\n \t<li><strong>Dikesk\u00f6rning<\/strong><\/li>\r\n \t<li><a href=\"https:\/\/dalahighwayservice.se\/index.php\/lasoppning-i-mora-idre-alvdalen-sarna\/\"><strong>L\u00e5s\u00f6ppning<\/strong><\/a><\/li>\r\n<\/ul>\r\nHar du l\u00e5st in dina nycklar i bilen? Vi har dem r\u00e4tta verktygen och kunnig personal f\u00f6r att hj\u00e4lpa dig, oavsett om det \u00e4r personbil, lastbil eller buss. Vi finns till f\u00f6r dig dygnet runt \u00e5ret runt.\r\n<ul>\r\n \t<li><a href=\"https:\/\/dalahighwayservice.se\/index.php\/starthjalp-i-mora-alvdalen-idre\/\"><strong>Starthj\u00e4lp<\/strong><\/a><\/li>\r\n<\/ul>\r\nN\u00e4r din bil har slut p\u00e5 str\u00f6m kan det r\u00e4cka med en starthj\u00e4lp f\u00f6r att f\u00e5 ig\u00e5ng den. Vi finns snabbt p\u00e5 plats f\u00f6r att hj\u00e4lpa dig n\u00e4r batteriet laddat ur, och har \u00e4ven tillg\u00e5ng p\u00e5 de vanligaste startbatterierna vid efterfr\u00e5gan. Vi utf\u00f6r starthj\u00e4lp p\u00e5 allt fr\u00e5n motorcyklar till lastbilar och entreprenadfordon.\r\n<ul>\r\n \t<li><strong>Punktering<\/strong><\/li>\r\n<\/ul>\n<\/div><\/div>\n<\/div>\n\n  \n    <div class=\"row large-columns-4 medium-columns- small-columns-2\">\n          <div class=\"gallery-col col\" >\n          <div class=\"col-inner\">\n            <a class=\"image-lightbox lightbox-gallery\" href=\"https:\/\/dalahighwayservice.se\/wp-content\/uploads\/2020\/01\/vinter-bargning-1024x768.jpeg\" title=\"\">            <div class=\"box has-hover gallery-box box-overlay dark\">\n              <div class=\"box-image\" >\n                <img width=\"300\" height=\"225\" src=\"https:\/\/dalahighwayservice.se\/wp-content\/uploads\/2020\/01\/vinter-bargning-300x225.jpeg\" class=\"attachment-medium size-medium\" alt=\"\" loading=\"lazy\" ids=\"101,100,99,33\" srcset=\"https:\/\/dalahighwayservice.se\/wp-content\/uploads\/2020\/01\/vinter-bargning-300x225.jpeg 300w, https:\/\/dalahighwayservice.se\/wp-content\/uploads\/2020\/01\/vinter-bargning-1024x768.jpeg 1024w, https:\/\/dalahighwayservice.se\/wp-content\/uploads\/2020\/01\/vinter-bargning-768x576.jpeg 768w, https:\/\/dalahighwayservice.se\/wp-content\/uploads\/2020\/01\/vinter-bargning-1536x1152.jpeg 1536w, https:\/\/dalahighwayservice.se\/wp-content\/uploads\/2020\/01\/vinter-bargning-600x450.jpeg 600w, https:\/\/dalahighwayservice.se\/wp-content\/uploads\/2020\/01\/vinter-bargning.jpeg 2048w\" sizes=\"(max-width: 300px) 100vw, 300px\" \/>                                  <div class=\"overlay fill\"\n                      style=\"background-color: rgba(0,0,0,.15)\">\n                  <\/div>\n                                                              <\/div><!-- .image -->\n              <div class=\"box-text text-left\" >\n                 <p><\/p>\n              <\/div><!-- .text -->\n            <\/div><!-- .box -->\n            <\/a>          <\/div><!-- .col-inner -->\n         <\/div><!-- .col -->\n                 <div class=\"gallery-col col\" >\n          <div class=\"col-inner\">\n            <a class=\"image-lightbox lightbox-gallery\" href=\"https:\/\/dalahighwayservice.se\/wp-content\/uploads\/2020\/01\/slider2-1024x683.jpg\" title=\"\">            <div class=\"box has-hover gallery-box box-overlay dark\">\n              <div class=\"box-image\" >\n                <img width=\"300\" height=\"200\" src=\"https:\/\/dalahighwayservice.se\/wp-content\/uploads\/2020\/01\/slider2-300x200.jpg\" class=\"attachment-medium size-medium\" alt=\"\" loading=\"lazy\" ids=\"101,100,99,33\" srcset=\"https:\/\/dalahighwayservice.se\/wp-content\/uploads\/2020\/01\/slider2-300x200.jpg 300w, https:\/\/dalahighwayservice.se\/wp-content\/uploads\/2020\/01\/slider2-1024x683.jpg 1024w, https:\/\/dalahighwayservice.se\/wp-content\/uploads\/2020\/01\/slider2-768x512.jpg 768w, https:\/\/dalahighwayservice.se\/wp-content\/uploads\/2020\/01\/slider2-1536x1024.jpg 1536w, https:\/\/dalahighwayservice.se\/wp-content\/uploads\/2020\/01\/slider2-600x400.jpg 600w, https:\/\/dalahighwayservice.se\/wp-content\/uploads\/2020\/01\/slider2.jpg 1600w\" sizes=\"(max-width: 300px) 100vw, 300px\" \/>                                  <div class=\"overlay fill\"\n                      style=\"background-color: rgba(0,0,0,.15)\">\n                  <\/div>\n                                                              <\/div><!-- .image -->\n              <div class=\"box-text text-left\" >\n                 <p><\/p>\n              <\/div><!-- .text -->\n            <\/div><!-- .box -->\n            <\/a>          <\/div><!-- .col-inner -->\n         <\/div><!-- .col -->\n                 <div class=\"gallery-col col\" >\n          <div class=\"col-inner\">\n            <a class=\"image-lightbox lightbox-gallery\" href=\"https:\/\/dalahighwayservice.se\/wp-content\/uploads\/2020\/01\/slider1-1024x683.jpg\" title=\"\">            <div class=\"box has-hover gallery-box box-overlay dark\">\n              <div class=\"box-image\" >\n                <img width=\"300\" height=\"200\" src=\"https:\/\/dalahighwayservice.se\/wp-content\/uploads\/2020\/01\/slider1-300x200.jpg\" class=\"attachment-medium size-medium\" alt=\"\" loading=\"lazy\" ids=\"101,100,99,33\" srcset=\"https:\/\/dalahighwayservice.se\/wp-content\/uploads\/2020\/01\/slider1-300x200.jpg 300w, https:\/\/dalahighwayservice.se\/wp-content\/uploads\/2020\/01\/slider1-1024x683.jpg 1024w, https:\/\/dalahighwayservice.se\/wp-content\/uploads\/2020\/01\/slider1-768x512.jpg 768w, https:\/\/dalahighwayservice.se\/wp-content\/uploads\/2020\/01\/slider1-1536x1024.jpg 1536w, https:\/\/dalahighwayservice.se\/wp-content\/uploads\/2020\/01\/slider1-600x400.jpg 600w, https:\/\/dalahighwayservice.se\/wp-content\/uploads\/2020\/01\/slider1.jpg 1600w\" sizes=\"(max-width: 300px) 100vw, 300px\" \/>                                  <div class=\"overlay fill\"\n                      style=\"background-color: rgba(0,0,0,.15)\">\n                  <\/div>\n                                                              <\/div><!-- .image -->\n              <div class=\"box-text text-left\" >\n                 <p><\/p>\n              <\/div><!-- .text -->\n            <\/div><!-- .box -->\n            <\/a>          <\/div><!-- .col-inner -->\n         <\/div><!-- .col -->\n                 <div class=\"gallery-col col\" >\n          <div class=\"col-inner\">\n            <a class=\"image-lightbox lightbox-gallery\" href=\"https:\/\/dalahighwayservice.se\/wp-content\/uploads\/2019\/08\/bargning-timmerbil-liten-bild.jpg\" title=\"\">            <div class=\"box has-hover gallery-box box-overlay dark\">\n              <div class=\"box-image\" >\n                <img width=\"300\" height=\"225\" src=\"https:\/\/dalahighwayservice.se\/wp-content\/uploads\/2019\/08\/bargning-timmerbil-liten-bild-300x225.jpg\" class=\"attachment-medium size-medium\" alt=\"\" loading=\"lazy\" ids=\"101,100,99,33\" \/>                                  <div class=\"overlay fill\"\n                      style=\"background-color: rgba(0,0,0,.15)\">\n                  <\/div>\n                                                              <\/div><!-- .image -->\n              <div class=\"box-text text-left\" >\n                 <p><\/p>\n              <\/div><!-- .text -->\n            <\/div><!-- .box -->\n            <\/a>          <\/div><!-- .col-inner -->\n         <\/div><!-- .col -->\n         <\/div>\n","protected":false},"excerpt":{"rendered":"","protected":false},"author":2,"featured_media":0,"parent":0,"menu_order":0,"comment_status":"closed","ping_status":"closed","template":"","meta":{"_monsterinsights_skip_tracking":false,"_monsterinsights_sitenote_active":false,"_monsterinsights_sitenote_note":"","_monsterinsights_sitenote_category":0},"yoast_head":"<!-- This site is optimized with the Yoast SEO plugin v15.4 - https:\/\/yoast.com\/wordpress\/plugins\/seo\/ -->\n<title>Falck Bilb\u00e4rgning Mora \u00c4lvdalen Idre Gr\u00f6velsj\u00f6n och S\u00e4rna -<\/title>\n<meta name=\"description\" content=\"Falck Bilb\u00e4rgning Mora \u00c4lvdalen Idre Gr\u00f6velsj\u00f6n och S\u00e4rna. Om du f\u00e5r ett elfel, eller ett batteri som laddat ut eller\u00a0punktering eller en olycka.\" \/>\n<meta name=\"robots\" content=\"index, follow, max-snippet:-1, max-image-preview:large, max-video-preview:-1\" \/>\n<link rel=\"canonical\" href=\"https:\/\/dalahighwayservice.se\/index.php\/bilbargning-mora-alvdalen-idre-grovelsjon-och-sarna\/\" \/>\n<meta property=\"og:locale\" content=\"sv_SE\" \/>\n<meta property=\"og:type\" content=\"article\" \/>\n<meta property=\"og:title\" content=\"Falck Bilb\u00e4rgning Mora \u00c4lvdalen Idre Gr\u00f6velsj\u00f6n och S\u00e4rna -\" \/>\n<meta property=\"og:description\" content=\"Falck Bilb\u00e4rgning Mora \u00c4lvdalen Idre Gr\u00f6velsj\u00f6n och S\u00e4rna. Om du f\u00e5r ett elfel, eller ett batteri som laddat ut eller\u00a0punktering eller en olycka.\" \/>\n<meta property=\"og:url\" content=\"https:\/\/dalahighwayservice.se\/index.php\/bilbargning-mora-alvdalen-idre-grovelsjon-och-sarna\/\" \/>\n<meta property=\"og:site_name\" content=\"B\u00e4rgning i Dalarna\" \/>\n<meta property=\"article:modified_time\" content=\"2020-12-02T09:35:10+00:00\" \/>\n<meta name=\"twitter:card\" content=\"summary_large_image\" \/>\n<meta name=\"twitter:label1\" content=\"Skriven av\">\n\t<meta name=\"twitter:data1\" content=\"Admin\">\n\t<meta name=\"twitter:label2\" content=\"Ber\u00e4knad l\u00e4stid\">\n\t<meta name=\"twitter:data2\" content=\"0 minuter\">\n<script type=\"application\/ld+json\" class=\"yoast-schema-graph\">{\"@context\":\"https:\/\/schema.org\",\"@graph\":[{\"@type\":\"WebSite\",\"@id\":\"https:\/\/dalahighwayservice.se\/#website\",\"url\":\"https:\/\/dalahighwayservice.se\/\",\"name\":\"B\\u00e4rgning i Dalarna\",\"description\":\"Bilb\\u00e4rgning i dalarna, allt fr\\u00e5n starthj\\u00e4lp till b\\u00e4rgning\",\"potentialAction\":[{\"@type\":\"SearchAction\",\"target\":\"https:\/\/dalahighwayservice.se\/?s={search_term_string}\",\"query-input\":\"required name=search_term_string\"}],\"inLanguage\":\"sv-SE\"},{\"@type\":\"WebPage\",\"@id\":\"https:\/\/dalahighwayservice.se\/index.php\/bilbargning-mora-alvdalen-idre-grovelsjon-och-sarna\/#webpage\",\"url\":\"https:\/\/dalahighwayservice.se\/index.php\/bilbargning-mora-alvdalen-idre-grovelsjon-och-sarna\/\",\"name\":\"Falck Bilb\\u00e4rgning Mora \\u00c4lvdalen Idre Gr\\u00f6velsj\\u00f6n och S\\u00e4rna -\",\"isPartOf\":{\"@id\":\"https:\/\/dalahighwayservice.se\/#website\"},\"datePublished\":\"2020-02-03T14:26:58+00:00\",\"dateModified\":\"2020-12-02T09:35:10+00:00\",\"description\":\"Falck Bilb\\u00e4rgning Mora \\u00c4lvdalen Idre Gr\\u00f6velsj\\u00f6n och S\\u00e4rna. Om du f\\u00e5r ett elfel, eller ett batteri som laddat ut eller\\u00a0punktering eller en olycka.\",\"inLanguage\":\"sv-SE\",\"potentialAction\":[{\"@type\":\"ReadAction\",\"target\":[\"https:\/\/dalahighwayservice.se\/index.php\/bilbargning-mora-alvdalen-idre-grovelsjon-och-sarna\/\"]}]}]}<\/script>\n<!-- \/ Yoast SEO plugin. -->","_links":{"self":[{"href":"https:\/\/dalahighwayservice.se\/index.php\/wp-json\/wp\/v2\/pages\/126"}],"collection":[{"href":"https:\/\/dalahighwayservice.se\/index.php\/wp-json\/wp\/v2\/pages"}],"about":[{"href":"https:\/\/dalahighwayservice.se\/index.php\/wp-json\/wp\/v2\/types\/page"}],"author":[{"embeddable":true,"href":"https:\/\/dalahighwayservice.se\/index.php\/wp-json\/wp\/v2\/users\/2"}],"replies":[{"embeddable":true,"href":"https:\/\/dalahighwayservice.se\/index.php\/wp-json\/wp\/v2\/comments?post=126"}],"version-history":[{"count":4,"href":"https:\/\/dalahighwayservice.se\/index.php\/wp-json\/wp\/v2\/pages\/126\/revisions"}],"predecessor-version":[{"id":144,"href":"https:\/\/dalahighwayservice.se\/index.php\/wp-json\/wp\/v2\/pages\/126\/revisions\/144"}],"wp:attachment":[{"href":"https:\/\/dalahighwayservice.se\/index.php\/wp-json\/wp\/v2\/media?parent=126"}],"curies":[{"name":"wp","href":"https:\/\/api.w.org\/{rel}","templated":true}]}}