{"id":109,"date":"2020-01-28T08:08:20","date_gmt":"2020-01-28T08:08:20","guid":{"rendered":"https:\/\/dalahighwayservice.se\/?page_id=109"},"modified":"2020-01-28T08:11:51","modified_gmt":"2020-01-28T08:11:51","slug":"terrangbargning-i-mora-idre-alvdalen","status":"publish","type":"page","link":"https:\/\/dalahighwayservice.se\/index.php\/terrangbargning-i-mora-idre-alvdalen\/","title":{"rendered":"Terr\u00e4ngb\u00e4rgning I Mora Idre \u00c4lvdalen"},"content":{"rendered":"<div class=\"row\"  id=\"row-573290692\">\n<div class=\"col medium-8 small-12 large-8\"  ><div class=\"col-inner\"  >\n<h1><strong>Terr\u00e4ngb\u00e4rgning i Sverige<\/strong><\/h1>\n<p><strong>Terr\u00e4ngb\u00e4rgning<\/strong>. N\u00e4r du som entrepren\u00f6r beh\u00f6ver assistans i skogen s\u00e5 finns vi d\u00e4r med v\u00e5r terr\u00e4ngg\u00e5ende b\u00e4rgare. Med sexhjulsdrift och h\u00f6g vinchkapacitiet s\u00e5 tar vi oss till din skogs- eller entreprenadmaskin f\u00f6r att hj\u00e4lpa vid olyckor. Vid de bl\u00f6taste myrar s\u00e5 har vi en bandtraktor med kran och vinchar.<\/p>\n<ul>\n<li>Flakb\u00e4rgare: Denna b\u00e4rgningsbil anv\u00e4nds vid transport av olika fordonstyper s\u00e5som personbil, motorcykel och traktor. Flakb\u00e4rgaren \u00e4r \u00e4ven smidig vid tr\u00e5nga omgivningar.<\/li>\n<li>Tungflakb\u00e4rgare: Med den h\u00e4r typen av b\u00e4rgningsbil b\u00e4rgar vi allt fr\u00e5n personbilar till tunga lastbilar och bussar. B\u00e4rgningsbilen kan \u00e4ven b\u00e4rga flera fordon samtidigt.<\/li>\n<li>Tungb\u00e4rgare: Denna \u00e4r en perfekt b\u00e4rgningsbil vid tunga drag. Den \u00e4r konstruerad med fokus p\u00e5 styrka och kraft. F\u00f6r att skapa en maximal dragkraft har b\u00e4rgningsbilen motvikter i fronten. B\u00e4rgningsbilen anv\u00e4nds till exempel vid b\u00e4rgningsuppdrag d\u00e4r bussar, lastbilar och andra tyngre fordon \u00e4r involverade.<\/li>\n<li>V\u00e4gservicebil: V\u00e4gservicebilen \u00e4r utrustad med alla grundl\u00e4ggande verktyg som beh\u00f6vs f\u00f6r reparation p\u00e5 plats. M\u00e5let \u00e4r att hj\u00e4lpa strandade bilister att k\u00f6ra vidare i sina egna fordon utan att beh\u00f6va b\u00e4rgas av en bilb\u00e4rgare. Bilen \u00e4r \u00e4ven utrustad reservdelar som bilisten kan k\u00f6pa f\u00f6r att kunna rulla vidare direkt. F\u00f6rdelen \u00e4r at\u200bt bilisten inte beh\u00f6ver b\u00e4rgas till verkstad, hyra en hyrbil eller \u00f6vernatta p\u00e5 hotell i v\u00e4ntan p\u00e5 att f\u00e5 sin egen bil lagad. V\u00e4gservice bilen \u00e4r bland annat utrustad f\u00f6r att kunna genomf\u00f6ra batteribyten, ge starthj\u00e4lp, fylla p\u00e5 olja och kompressorer f\u00f6r att fylla d\u00e4ck.<\/li>\n<li>Terr\u00e4ngb\u00e4rgare: Denna typ av b\u00e4rgningsbil \u00e4r mycket kraftfull, effektiv och stark n\u00e4r det g\u00e4ller jobb i sv\u00e5ra terr\u00e4nger.<\/li>\n<li>Garageb\u00e4rgare: V\u00e5ra garageb\u00e4rgare \u00e4r den ultimata b\u00e4rgningsbilen f\u00f6r jobb i tr\u00e5nga utrymmen med l\u00e5gt tak.<\/li>\n<\/ul>\n<\/div><\/div>\n<div class=\"col medium-4 small-12 large-4\"  ><div class=\"col-inner\"  >\n<h3>Dala Highway Service\u00a0AB<\/h3>\r\n<h2>Telefon: 0250 - 140 00<\/h2>\r\n<ul>\r\n \t<li><strong>Dikesk\u00f6rning<\/strong><\/li>\r\n \t<li><a href=\"https:\/\/dalahighwayservice.se\/index.php\/lasoppning-i-mora-idre-alvdalen-sarna\/\"><strong>L\u00e5s\u00f6ppning<\/strong><\/a><\/li>\r\n<\/ul>\r\nHar du l\u00e5st in dina nycklar i bilen? Vi har dem r\u00e4tta verktygen och kunnig personal f\u00f6r att hj\u00e4lpa dig, oavsett om det \u00e4r personbil, lastbil eller buss. Vi finns till f\u00f6r dig dygnet runt \u00e5ret runt.\r\n<ul>\r\n \t<li><a href=\"https:\/\/dalahighwayservice.se\/index.php\/starthjalp-i-mora-alvdalen-idre\/\"><strong>Starthj\u00e4lp<\/strong><\/a><\/li>\r\n<\/ul>\r\nN\u00e4r din bil har slut p\u00e5 str\u00f6m kan det r\u00e4cka med en starthj\u00e4lp f\u00f6r att f\u00e5 ig\u00e5ng den. Vi finns snabbt p\u00e5 plats f\u00f6r att hj\u00e4lpa dig n\u00e4r batteriet laddat ur, och har \u00e4ven tillg\u00e5ng p\u00e5 de vanligaste startbatterierna vid efterfr\u00e5gan. Vi utf\u00f6r starthj\u00e4lp p\u00e5 allt fr\u00e5n motorcyklar till lastbilar och entreprenadfordon.\r\n<ul>\r\n \t<li><strong>Punktering<\/strong><\/li>\r\n<\/ul>\n<\/div><\/div>\n<\/div>\n\n  \n    <div class=\"row large-columns-4 medium-columns- small-columns-2\">\n          <div class=\"gallery-col col\" >\n          <div class=\"col-inner\">\n            <a class=\"image-lightbox lightbox-gallery\" href=\"https:\/\/dalahighwayservice.se\/wp-content\/uploads\/2020\/01\/vinter-bargning-1024x768.jpeg\" title=\"\">            <div class=\"box has-hover gallery-box box-overlay dark\">\n              <div class=\"box-image\" >\n                <img width=\"300\" height=\"225\" src=\"https:\/\/dalahighwayservice.se\/wp-content\/uploads\/2020\/01\/vinter-bargning-300x225.jpeg\" class=\"attachment-medium size-medium\" alt=\"\" loading=\"lazy\" ids=\"101,100,99,33\" srcset=\"https:\/\/dalahighwayservice.se\/wp-content\/uploads\/2020\/01\/vinter-bargning-300x225.jpeg 300w, https:\/\/dalahighwayservice.se\/wp-content\/uploads\/2020\/01\/vinter-bargning-1024x768.jpeg 1024w, https:\/\/dalahighwayservice.se\/wp-content\/uploads\/2020\/01\/vinter-bargning-768x576.jpeg 768w, https:\/\/dalahighwayservice.se\/wp-content\/uploads\/2020\/01\/vinter-bargning-1536x1152.jpeg 1536w, https:\/\/dalahighwayservice.se\/wp-content\/uploads\/2020\/01\/vinter-bargning-600x450.jpeg 600w, https:\/\/dalahighwayservice.se\/wp-content\/uploads\/2020\/01\/vinter-bargning.jpeg 2048w\" sizes=\"(max-width: 300px) 100vw, 300px\" \/>                                  <div class=\"overlay fill\"\n                      style=\"background-color: rgba(0,0,0,.15)\">\n                  <\/div>\n                                                              <\/div><!-- .image -->\n              <div class=\"box-text text-left\" >\n                 <p><\/p>\n              <\/div><!-- .text -->\n            <\/div><!-- .box -->\n            <\/a>          <\/div><!-- .col-inner -->\n         <\/div><!-- .col -->\n                 <div class=\"gallery-col col\" >\n          <div class=\"col-inner\">\n            <a class=\"image-lightbox lightbox-gallery\" href=\"https:\/\/dalahighwayservice.se\/wp-content\/uploads\/2020\/01\/slider2-1024x683.jpg\" title=\"\">            <div class=\"box has-hover gallery-box box-overlay dark\">\n              <div class=\"box-image\" >\n                <img width=\"300\" height=\"200\" src=\"https:\/\/dalahighwayservice.se\/wp-content\/uploads\/2020\/01\/slider2-300x200.jpg\" class=\"attachment-medium size-medium\" alt=\"\" loading=\"lazy\" ids=\"101,100,99,33\" srcset=\"https:\/\/dalahighwayservice.se\/wp-content\/uploads\/2020\/01\/slider2-300x200.jpg 300w, https:\/\/dalahighwayservice.se\/wp-content\/uploads\/2020\/01\/slider2-1024x683.jpg 1024w, https:\/\/dalahighwayservice.se\/wp-content\/uploads\/2020\/01\/slider2-768x512.jpg 768w, https:\/\/dalahighwayservice.se\/wp-content\/uploads\/2020\/01\/slider2-1536x1024.jpg 1536w, https:\/\/dalahighwayservice.se\/wp-content\/uploads\/2020\/01\/slider2-600x400.jpg 600w, https:\/\/dalahighwayservice.se\/wp-content\/uploads\/2020\/01\/slider2.jpg 1600w\" sizes=\"(max-width: 300px) 100vw, 300px\" \/>                                  <div class=\"overlay fill\"\n                      style=\"background-color: rgba(0,0,0,.15)\">\n                  <\/div>\n                                                              <\/div><!-- .image -->\n              <div class=\"box-text text-left\" >\n                 <p><\/p>\n              <\/div><!-- .text -->\n            <\/div><!-- .box -->\n            <\/a>          <\/div><!-- .col-inner -->\n         <\/div><!-- .col -->\n                 <div class=\"gallery-col col\" >\n          <div class=\"col-inner\">\n            <a class=\"image-lightbox lightbox-gallery\" href=\"https:\/\/dalahighwayservice.se\/wp-content\/uploads\/2020\/01\/slider1-1024x683.jpg\" title=\"\">            <div class=\"box has-hover gallery-box box-overlay dark\">\n              <div class=\"box-image\" >\n                <img width=\"300\" height=\"200\" src=\"https:\/\/dalahighwayservice.se\/wp-content\/uploads\/2020\/01\/slider1-300x200.jpg\" class=\"attachment-medium size-medium\" alt=\"\" loading=\"lazy\" ids=\"101,100,99,33\" srcset=\"https:\/\/dalahighwayservice.se\/wp-content\/uploads\/2020\/01\/slider1-300x200.jpg 300w, https:\/\/dalahighwayservice.se\/wp-content\/uploads\/2020\/01\/slider1-1024x683.jpg 1024w, https:\/\/dalahighwayservice.se\/wp-content\/uploads\/2020\/01\/slider1-768x512.jpg 768w, https:\/\/dalahighwayservice.se\/wp-content\/uploads\/2020\/01\/slider1-1536x1024.jpg 1536w, https:\/\/dalahighwayservice.se\/wp-content\/uploads\/2020\/01\/slider1-600x400.jpg 600w, https:\/\/dalahighwayservice.se\/wp-content\/uploads\/2020\/01\/slider1.jpg 1600w\" sizes=\"(max-width: 300px) 100vw, 300px\" \/>                                  <div class=\"overlay fill\"\n                      style=\"background-color: rgba(0,0,0,.15)\">\n                  <\/div>\n                                                              <\/div><!-- .image -->\n              <div class=\"box-text text-left\" >\n                 <p><\/p>\n              <\/div><!-- .text -->\n            <\/div><!-- .box -->\n            <\/a>          <\/div><!-- .col-inner -->\n         <\/div><!-- .col -->\n                 <div class=\"gallery-col col\" >\n          <div class=\"col-inner\">\n            <a class=\"image-lightbox lightbox-gallery\" href=\"https:\/\/dalahighwayservice.se\/wp-content\/uploads\/2019\/08\/bargning-timmerbil-liten-bild.jpg\" title=\"\">            <div class=\"box has-hover gallery-box box-overlay dark\">\n              <div class=\"box-image\" >\n                <img width=\"300\" height=\"225\" src=\"https:\/\/dalahighwayservice.se\/wp-content\/uploads\/2019\/08\/bargning-timmerbil-liten-bild-300x225.jpg\" class=\"attachment-medium size-medium\" alt=\"\" loading=\"lazy\" ids=\"101,100,99,33\" \/>                                  <div class=\"overlay fill\"\n                      style=\"background-color: rgba(0,0,0,.15)\">\n                  <\/div>\n                                                              <\/div><!-- .image -->\n              <div class=\"box-text text-left\" >\n                 <p><\/p>\n              <\/div><!-- .text -->\n            <\/div><!-- .box -->\n            <\/a>          <\/div><!-- .col-inner -->\n         <\/div><!-- .col -->\n         <\/div>\n","protected":false},"excerpt":{"rendered":"","protected":false},"author":2,"featured_media":0,"parent":0,"menu_order":0,"comment_status":"closed","ping_status":"closed","template":"","meta":{"_monsterinsights_skip_tracking":false,"_monsterinsights_sitenote_active":false,"_monsterinsights_sitenote_note":"","_monsterinsights_sitenote_category":0},"yoast_head":"<!-- This site is optimized with the Yoast SEO plugin v15.4 - https:\/\/yoast.com\/wordpress\/plugins\/seo\/ -->\n<title>Terr\u00e4ngb\u00e4rgning I Mora Idre \u00c4lvdalen - B\u00e4rgning i Dalarna<\/title>\n<meta name=\"description\" content=\"Terr\u00e4ngb\u00e4rgning. N\u00e4r du som entrepren\u00f6r beh\u00f6ver assistans s\u00e5 finns vi d\u00e4r med v\u00e5r terr\u00e4ngg\u00e5ende b\u00e4rgare. Vi anv\u00e4nder v\u00e5r terr\u00e4ngb\u00e4rgare i hela Sverige\" \/>\n<meta name=\"robots\" content=\"index, follow, max-snippet:-1, max-image-preview:large, max-video-preview:-1\" \/>\n<link rel=\"canonical\" href=\"https:\/\/dalahighwayservice.se\/index.php\/terrangbargning-i-mora-idre-alvdalen\/\" \/>\n<meta property=\"og:locale\" content=\"sv_SE\" \/>\n<meta property=\"og:type\" content=\"article\" \/>\n<meta property=\"og:title\" content=\"Terr\u00e4ngb\u00e4rgning I Mora Idre \u00c4lvdalen - B\u00e4rgning i Dalarna\" \/>\n<meta property=\"og:description\" content=\"Terr\u00e4ngb\u00e4rgning. N\u00e4r du som entrepren\u00f6r beh\u00f6ver assistans s\u00e5 finns vi d\u00e4r med v\u00e5r terr\u00e4ngg\u00e5ende b\u00e4rgare. Vi anv\u00e4nder v\u00e5r terr\u00e4ngb\u00e4rgare i hela Sverige\" \/>\n<meta property=\"og:url\" content=\"https:\/\/dalahighwayservice.se\/index.php\/terrangbargning-i-mora-idre-alvdalen\/\" \/>\n<meta property=\"og:site_name\" content=\"B\u00e4rgning i Dalarna\" \/>\n<meta property=\"article:modified_time\" content=\"2020-01-28T08:11:51+00:00\" \/>\n<meta name=\"twitter:card\" content=\"summary_large_image\" \/>\n<meta name=\"twitter:label1\" content=\"Skriven av\">\n\t<meta name=\"twitter:data1\" content=\"Admin\">\n\t<meta name=\"twitter:label2\" content=\"Ber\u00e4knad l\u00e4stid\">\n\t<meta name=\"twitter:data2\" content=\"1 minut\">\n<script type=\"application\/ld+json\" class=\"yoast-schema-graph\">{\"@context\":\"https:\/\/schema.org\",\"@graph\":[{\"@type\":\"WebSite\",\"@id\":\"https:\/\/dalahighwayservice.se\/#website\",\"url\":\"https:\/\/dalahighwayservice.se\/\",\"name\":\"B\\u00e4rgning i Dalarna\",\"description\":\"Bilb\\u00e4rgning i dalarna, allt fr\\u00e5n starthj\\u00e4lp till b\\u00e4rgning\",\"potentialAction\":[{\"@type\":\"SearchAction\",\"target\":\"https:\/\/dalahighwayservice.se\/?s={search_term_string}\",\"query-input\":\"required name=search_term_string\"}],\"inLanguage\":\"sv-SE\"},{\"@type\":\"WebPage\",\"@id\":\"https:\/\/dalahighwayservice.se\/index.php\/terrangbargning-i-mora-idre-alvdalen\/#webpage\",\"url\":\"https:\/\/dalahighwayservice.se\/index.php\/terrangbargning-i-mora-idre-alvdalen\/\",\"name\":\"Terr\\u00e4ngb\\u00e4rgning I Mora Idre \\u00c4lvdalen - B\\u00e4rgning i Dalarna\",\"isPartOf\":{\"@id\":\"https:\/\/dalahighwayservice.se\/#website\"},\"datePublished\":\"2020-01-28T08:08:20+00:00\",\"dateModified\":\"2020-01-28T08:11:51+00:00\",\"description\":\"Terr\\u00e4ngb\\u00e4rgning. N\\u00e4r du som entrepren\\u00f6r beh\\u00f6ver assistans s\\u00e5 finns vi d\\u00e4r med v\\u00e5r terr\\u00e4ngg\\u00e5ende b\\u00e4rgare. Vi anv\\u00e4nder v\\u00e5r terr\\u00e4ngb\\u00e4rgare i hela Sverige\",\"inLanguage\":\"sv-SE\",\"potentialAction\":[{\"@type\":\"ReadAction\",\"target\":[\"https:\/\/dalahighwayservice.se\/index.php\/terrangbargning-i-mora-idre-alvdalen\/\"]}]}]}<\/script>\n<!-- \/ Yoast SEO plugin. -->","_links":{"self":[{"href":"https:\/\/dalahighwayservice.se\/index.php\/wp-json\/wp\/v2\/pages\/109"}],"collection":[{"href":"https:\/\/dalahighwayservice.se\/index.php\/wp-json\/wp\/v2\/pages"}],"about":[{"href":"https:\/\/dalahighwayservice.se\/index.php\/wp-json\/wp\/v2\/types\/page"}],"author":[{"embeddable":true,"href":"https:\/\/dalahighwayservice.se\/index.php\/wp-json\/wp\/v2\/users\/2"}],"replies":[{"embeddable":true,"href":"https:\/\/dalahighwayservice.se\/index.php\/wp-json\/wp\/v2\/comments?post=109"}],"version-history":[{"count":4,"href":"https:\/\/dalahighwayservice.se\/index.php\/wp-json\/wp\/v2\/pages\/109\/revisions"}],"predecessor-version":[{"id":114,"href":"https:\/\/dalahighwayservice.se\/index.php\/wp-json\/wp\/v2\/pages\/109\/revisions\/114"}],"wp:attachment":[{"href":"https:\/\/dalahighwayservice.se\/index.php\/wp-json\/wp\/v2\/media?parent=109"}],"curies":[{"name":"wp","href":"https:\/\/api.w.org\/{rel}","templated":true}]}}